{"id":184,"date":"2023-06-28T11:55:09","date_gmt":"2023-06-28T09:55:09","guid":{"rendered":"https:\/\/emsmedien.de\/entwicklung\/fremming\/wordpress\/?page_id=184"},"modified":"2023-06-28T11:55:49","modified_gmt":"2023-06-28T09:55:49","slug":"bestattungsarten","status":"publish","type":"page","link":"https:\/\/emsmedien.de\/entwicklung\/fremming\/wordpress\/bestattungsarten\/","title":{"rendered":"Bestattungsarten"},"content":{"rendered":"\t\t<div data-elementor-type=\"wp-page\" data-elementor-id=\"184\" class=\"elementor elementor-184\">\n\t\t\t\t\t\t\t\t\t<section class=\"elementor-section elementor-top-section elementor-element elementor-element-7860a18 elementor-section-boxed elementor-section-height-default elementor-section-height-default wpr-particle-no wpr-jarallax-no wpr-parallax-no wpr-sticky-section-no sc_fly_static\" data-id=\"7860a18\" data-element_type=\"section\" data-settings=\"{&quot;_ha_eqh_enable&quot;:false}\">\n\t\t\t\t\t\t<div class=\"elementor-container elementor-column-gap-extended\">\n\t\t\t\t\t<div class=\"elementor-column elementor-col-100 elementor-top-column elementor-element elementor-element-7b08df4 sc_inner_width_none sc_content_align_inherit sc_layouts_column_icons_position_left sc_fly_static\" data-id=\"7b08df4\" data-element_type=\"column\">\n\t\t\t<div class=\"elementor-widget-wrap elementor-element-populated\">\n\t\t\t\t\t\t\t\t<div class=\"elementor-element elementor-element-4af5fbc sc_fly_static elementor-widget elementor-widget-heading\" data-id=\"4af5fbc\" data-element_type=\"widget\" data-widget_type=\"heading.default\">\n\t\t\t\t<div class=\"elementor-widget-container\">\n\t\t\t<style>\/*! elementor - v3.14.0 - 26-06-2023 *\/\n.elementor-heading-title{padding:0;margin:0;line-height:1}.elementor-widget-heading .elementor-heading-title[class*=elementor-size-]>a{color:inherit;font-size:inherit;line-height:inherit}.elementor-widget-heading .elementor-heading-title.elementor-size-small{font-size:15px}.elementor-widget-heading .elementor-heading-title.elementor-size-medium{font-size:19px}.elementor-widget-heading .elementor-heading-title.elementor-size-large{font-size:29px}.elementor-widget-heading .elementor-heading-title.elementor-size-xl{font-size:39px}.elementor-widget-heading .elementor-heading-title.elementor-size-xxl{font-size:59px}<\/style><h1 class=\"elementor-heading-title elementor-size-default\">Bestattungsarten<\/h1>\t\t<\/div>\n\t\t\t\t<\/div>\n\t\t\t\t<div class=\"elementor-element elementor-element-9ad702d sc_fly_static elementor-widget elementor-widget-spacer\" data-id=\"9ad702d\" data-element_type=\"widget\" data-widget_type=\"spacer.default\">\n\t\t\t\t<div class=\"elementor-widget-container\">\n\t\t\t<style>\/*! elementor - v3.14.0 - 26-06-2023 *\/\n.elementor-column .elementor-spacer-inner{height:var(--spacer-size)}.e-con{--container-widget-width:100%}.e-con-inner>.elementor-widget-spacer,.e-con>.elementor-widget-spacer{width:var(--container-widget-width,var(--spacer-size));--align-self:var(--container-widget-align-self,initial);--flex-shrink:0}.e-con-inner>.elementor-widget-spacer>.elementor-widget-container,.e-con-inner>.elementor-widget-spacer>.elementor-widget-container>.elementor-spacer,.e-con>.elementor-widget-spacer>.elementor-widget-container,.e-con>.elementor-widget-spacer>.elementor-widget-container>.elementor-spacer{height:100%}.e-con-inner>.elementor-widget-spacer>.elementor-widget-container>.elementor-spacer>.elementor-spacer-inner,.e-con>.elementor-widget-spacer>.elementor-widget-container>.elementor-spacer>.elementor-spacer-inner{height:var(--container-widget-height,var(--spacer-size))}<\/style>\t\t<div class=\"elementor-spacer\">\n\t\t\t<div class=\"elementor-spacer-inner\"><\/div>\n\t\t<\/div>\n\t\t\t\t<\/div>\n\t\t\t\t<\/div>\n\t\t\t\t<div class=\"elementor-element elementor-element-3bbb29c sc_fly_static elementor-widget elementor-widget-text-editor\" data-id=\"3bbb29c\" data-element_type=\"widget\" data-widget_type=\"text-editor.default\">\n\t\t\t\t<div class=\"elementor-widget-container\">\n\t\t\t<style>\/*! elementor - v3.14.0 - 26-06-2023 *\/\n.elementor-widget-text-editor.elementor-drop-cap-view-stacked .elementor-drop-cap{background-color:#69727d;color:#fff}.elementor-widget-text-editor.elementor-drop-cap-view-framed .elementor-drop-cap{color:#69727d;border:3px solid;background-color:transparent}.elementor-widget-text-editor:not(.elementor-drop-cap-view-default) .elementor-drop-cap{margin-top:8px}.elementor-widget-text-editor:not(.elementor-drop-cap-view-default) .elementor-drop-cap-letter{width:1em;height:1em}.elementor-widget-text-editor .elementor-drop-cap{float:left;text-align:center;line-height:1;font-size:50px}.elementor-widget-text-editor .elementor-drop-cap-letter{display:inline-block}<\/style>\t\t\t\t<ul><li><ul><li><p>Es gibt verschiedene Arten der Bestattung.\u00a0 Die Entscheidung f\u00fcr die Art der Bestattung ist eine sehr pers\u00f6nliche Angelegenheit. Insbesondere sollte man schon deshalb die Frage nach der Bestattungsart bereits zu Lebzeiten bedenken und ggf. in einer Bestattungsvorsorge regeln.<\/p><p>Auf den folgenden Seiten k\u00f6nnen Sie sich \u00fcber die unterschiedlichen Bestattungsarten informieren.<\/p><ul><li style=\"list-style-type: none;\"><ul><li><a title=\"Die Erdbestattung\" href=\"http:\/\/bestattungen-fremming.de\/bestattung\/bestattungsarten\/erdbestattung\/\">ERDBESTATTUNG<\/a><\/li><li><a title=\"Die Feuerbestattung\" href=\"http:\/\/bestattungen-fremming.de\/bestattung\/bestattungsarten\/feuerbestattung\/\">FEUERBESTATTUNG<\/a><\/li><li><a title=\"Die Seebestattung\" href=\"http:\/\/bestattungen-fremming.de\/bestattung\/bestattungsarten\/seebestattung\/\">SEEBESTATTUNG<\/a><\/li><li><a title=\"Die Waldbestattung\" href=\"http:\/\/bestattungen-fremming.de\/bestattung\/bestattungsarten\/waldbestattung\/\">WALDBESTATTUNG<\/a><\/li><li><a title=\"Die Waldbestattung\" href=\"http:\/\/bestattungen-fremming.de\/bestattung\/bestattungsarten\/diamantbestattung\/\">DIAMANTBESTATTUNG<\/a><\/li><li><a title=\"Die Ballonbestattung\" href=\"http:\/\/bestattungen-fremming.de\/bestattung\/bestattungsarten\/ballonbestattung\/\">BALLONBESTATTUNG<\/a><\/li><\/ul><\/li><\/ul><p>Sie k\u00f6nnen uns jederzeit kontaktieren, ob im Sterbefall oder um einen geeigneten Termin f\u00fcr ein pers\u00f6nliches Informationsgespr\u00e4ch zu vereinbaren.<\/p><p>Telefonnummer<b>: 05973\/3297<\/b><\/p><\/li><\/ul><\/li><\/ul>\t\t\t\t\t\t<\/div>\n\t\t\t\t<\/div>\n\t\t\t\t\t<\/div>\n\t\t<\/div>\n\t\t\t\t\t\t\t<\/div>\n\t\t<\/section>\n\t\t\t\t\t\t\t<\/div>\n\t\t","protected":false},"excerpt":{"rendered":"<p>Bestattungsarten Es gibt verschiedene Arten der Bestattung.\u00a0 Die Entscheidung f\u00fcr die Art der Bestattung ist eine sehr pers\u00f6nliche Angelegenheit. Insbesondere sollte man schon deshalb die Frage nach der Bestattungsart bereits&hellip;<\/p>\n","protected":false},"author":1,"featured_media":0,"parent":0,"menu_order":0,"comment_status":"closed","ping_status":"closed","template":"","meta":{"footnotes":""},"class_list":["post-184","page","type-page","status-publish","hentry"],"_links":{"self":[{"href":"https:\/\/emsmedien.de\/entwicklung\/fremming\/wordpress\/wp-json\/wp\/v2\/pages\/184","targetHints":{"allow":["GET"]}}],"collection":[{"href":"https:\/\/emsmedien.de\/entwicklung\/fremming\/wordpress\/wp-json\/wp\/v2\/pages"}],"about":[{"href":"https:\/\/emsmedien.de\/entwicklung\/fremming\/wordpress\/wp-json\/wp\/v2\/types\/page"}],"author":[{"embeddable":true,"href":"https:\/\/emsmedien.de\/entwicklung\/fremming\/wordpress\/wp-json\/wp\/v2\/users\/1"}],"replies":[{"embeddable":true,"href":"https:\/\/emsmedien.de\/entwicklung\/fremming\/wordpress\/wp-json\/wp\/v2\/comments?post=184"}],"version-history":[{"count":7,"href":"https:\/\/emsmedien.de\/entwicklung\/fremming\/wordpress\/wp-json\/wp\/v2\/pages\/184\/revisions"}],"predecessor-version":[{"id":191,"href":"https:\/\/emsmedien.de\/entwicklung\/fremming\/wordpress\/wp-json\/wp\/v2\/pages\/184\/revisions\/191"}],"wp:attachment":[{"href":"https:\/\/emsmedien.de\/entwicklung\/fremming\/wordpress\/wp-json\/wp\/v2\/media?parent=184"}],"curies":[{"name":"wp","href":"https:\/\/api.w.org\/{rel}","templated":true}]}}