{"id":204,"date":"2023-06-28T12:00:12","date_gmt":"2023-06-28T10:00:12","guid":{"rendered":"https:\/\/emsmedien.de\/entwicklung\/fremming\/wordpress\/?page_id=204"},"modified":"2023-06-28T12:01:29","modified_gmt":"2023-06-28T10:01:29","slug":"seebestattung","status":"publish","type":"page","link":"https:\/\/emsmedien.de\/entwicklung\/fremming\/wordpress\/seebestattung\/","title":{"rendered":"Seebestattung"},"content":{"rendered":"\t\t<div data-elementor-type=\"wp-page\" data-elementor-id=\"204\" class=\"elementor elementor-204\">\n\t\t\t\t\t\t\t\t\t<section class=\"elementor-section elementor-top-section elementor-element elementor-element-7860a18 elementor-section-boxed elementor-section-height-default elementor-section-height-default wpr-particle-no wpr-jarallax-no wpr-parallax-no wpr-sticky-section-no sc_fly_static\" data-id=\"7860a18\" data-element_type=\"section\" data-settings=\"{&quot;_ha_eqh_enable&quot;:false}\">\n\t\t\t\t\t\t<div class=\"elementor-container elementor-column-gap-extended\">\n\t\t\t\t\t<div class=\"elementor-column elementor-col-100 elementor-top-column elementor-element elementor-element-7b08df4 sc_inner_width_none sc_content_align_inherit sc_layouts_column_icons_position_left sc_fly_static\" data-id=\"7b08df4\" data-element_type=\"column\">\n\t\t\t<div class=\"elementor-widget-wrap elementor-element-populated\">\n\t\t\t\t\t\t\t\t<div class=\"elementor-element elementor-element-4af5fbc sc_fly_static elementor-widget elementor-widget-heading\" data-id=\"4af5fbc\" data-element_type=\"widget\" data-widget_type=\"heading.default\">\n\t\t\t\t<div class=\"elementor-widget-container\">\n\t\t\t<style>\/*! elementor - v3.14.0 - 26-06-2023 *\/\n.elementor-heading-title{padding:0;margin:0;line-height:1}.elementor-widget-heading .elementor-heading-title[class*=elementor-size-]>a{color:inherit;font-size:inherit;line-height:inherit}.elementor-widget-heading .elementor-heading-title.elementor-size-small{font-size:15px}.elementor-widget-heading .elementor-heading-title.elementor-size-medium{font-size:19px}.elementor-widget-heading .elementor-heading-title.elementor-size-large{font-size:29px}.elementor-widget-heading .elementor-heading-title.elementor-size-xl{font-size:39px}.elementor-widget-heading .elementor-heading-title.elementor-size-xxl{font-size:59px}<\/style><h1 class=\"elementor-heading-title elementor-size-default\">Seebestattung<\/h1>\t\t<\/div>\n\t\t\t\t<\/div>\n\t\t\t\t<div class=\"elementor-element elementor-element-9ad702d sc_fly_static elementor-widget elementor-widget-spacer\" data-id=\"9ad702d\" data-element_type=\"widget\" data-widget_type=\"spacer.default\">\n\t\t\t\t<div class=\"elementor-widget-container\">\n\t\t\t<style>\/*! elementor - v3.14.0 - 26-06-2023 *\/\n.elementor-column .elementor-spacer-inner{height:var(--spacer-size)}.e-con{--container-widget-width:100%}.e-con-inner>.elementor-widget-spacer,.e-con>.elementor-widget-spacer{width:var(--container-widget-width,var(--spacer-size));--align-self:var(--container-widget-align-self,initial);--flex-shrink:0}.e-con-inner>.elementor-widget-spacer>.elementor-widget-container,.e-con-inner>.elementor-widget-spacer>.elementor-widget-container>.elementor-spacer,.e-con>.elementor-widget-spacer>.elementor-widget-container,.e-con>.elementor-widget-spacer>.elementor-widget-container>.elementor-spacer{height:100%}.e-con-inner>.elementor-widget-spacer>.elementor-widget-container>.elementor-spacer>.elementor-spacer-inner,.e-con>.elementor-widget-spacer>.elementor-widget-container>.elementor-spacer>.elementor-spacer-inner{height:var(--container-widget-height,var(--spacer-size))}<\/style>\t\t<div class=\"elementor-spacer\">\n\t\t\t<div class=\"elementor-spacer-inner\"><\/div>\n\t\t<\/div>\n\t\t\t\t<\/div>\n\t\t\t\t<\/div>\n\t\t\t\t<section class=\"elementor-section elementor-inner-section elementor-element elementor-element-95e8abd elementor-section-boxed elementor-section-height-default elementor-section-height-default wpr-particle-no wpr-jarallax-no wpr-parallax-no wpr-sticky-section-no sc_fly_static\" data-id=\"95e8abd\" data-element_type=\"section\" data-settings=\"{&quot;_ha_eqh_enable&quot;:false}\">\n\t\t\t\t\t\t<div class=\"elementor-container elementor-column-gap-extended\">\n\t\t\t\t\t<div class=\"elementor-column elementor-col-50 elementor-inner-column elementor-element elementor-element-5e920c7 sc_inner_width_none sc_content_align_inherit sc_layouts_column_icons_position_left sc_fly_static\" data-id=\"5e920c7\" data-element_type=\"column\">\n\t\t\t<div class=\"elementor-widget-wrap elementor-element-populated\">\n\t\t\t\t\t\t\t\t<div class=\"elementor-element elementor-element-3bbb29c sc_fly_static elementor-widget elementor-widget-text-editor\" data-id=\"3bbb29c\" data-element_type=\"widget\" data-widget_type=\"text-editor.default\">\n\t\t\t\t<div class=\"elementor-widget-container\">\n\t\t\t<style>\/*! elementor - v3.14.0 - 26-06-2023 *\/\n.elementor-widget-text-editor.elementor-drop-cap-view-stacked .elementor-drop-cap{background-color:#69727d;color:#fff}.elementor-widget-text-editor.elementor-drop-cap-view-framed .elementor-drop-cap{color:#69727d;border:3px solid;background-color:transparent}.elementor-widget-text-editor:not(.elementor-drop-cap-view-default) .elementor-drop-cap{margin-top:8px}.elementor-widget-text-editor:not(.elementor-drop-cap-view-default) .elementor-drop-cap-letter{width:1em;height:1em}.elementor-widget-text-editor .elementor-drop-cap{float:left;text-align:center;line-height:1;font-size:50px}.elementor-widget-text-editor .elementor-drop-cap-letter{display:inline-block}<\/style>\t\t\t\t<p>Die Seebestattung kommt meist in Frage wenn eine besondere Verbindung zu See oder Meer erkennbar war. Es kann ein Ausdruck ihrer\/seiner individuellen Pers\u00f6nlichkeit sein.<\/p><p>Bei der Seebestattung wird eine Ein\u00e4scherung im Krematorium vorausgesetzt.\u00a0Es wird eine spezielle nat\u00fcrliche Wasserl\u00f6sliche Urne verwendet.\u00a0\u00a0Die Beisetzung wird in den sogenannten Dreimeilenzonen durchgef\u00fchrt, wo nicht gefischt oder Wassersport betrieben wird.\u00a0Dies ist m\u00f6glich in den verschiedenen Meeren: Ost- sowie Nordsee, Pazifik, Atlantik, indischer Ozean und oder n\u00f6rdliches Polarmeer.<\/p><p>Wann die Trauerfeier stattfindet kann selbst entschieden werden. Ob vor der Ein\u00e4scherung, nach der Ein\u00e4scherung oder auf dem Boot.\u00a0Eine Seekarte mit genauer Beisetzungsposition sowie einem Auszug aus dem Logbuch wird den Angeh\u00f6rigen sp\u00e4ter \u00fcbergeben.<\/p>\t\t\t\t\t\t<\/div>\n\t\t\t\t<\/div>\n\t\t\t\t\t<\/div>\n\t\t<\/div>\n\t\t\t\t<div class=\"elementor-column elementor-col-50 elementor-inner-column elementor-element elementor-element-34e238d sc_inner_width_none sc_content_align_inherit sc_layouts_column_icons_position_left sc_fly_static\" data-id=\"34e238d\" data-element_type=\"column\">\n\t\t\t<div class=\"elementor-widget-wrap elementor-element-populated\">\n\t\t\t\t\t\t\t\t<div class=\"elementor-element elementor-element-7681302 sc_fly_static elementor-widget elementor-widget-image\" data-id=\"7681302\" data-element_type=\"widget\" data-widget_type=\"image.default\">\n\t\t\t\t<div class=\"elementor-widget-container\">\n\t\t\t<style>\/*! elementor - v3.14.0 - 26-06-2023 *\/\n.elementor-widget-image{text-align:center}.elementor-widget-image a{display:inline-block}.elementor-widget-image a img[src$=\".svg\"]{width:48px}.elementor-widget-image img{vertical-align:middle;display:inline-block}<\/style>\t\t\t\t\t\t\t\t\t\t\t\t<img loading=\"lazy\" decoding=\"async\" width=\"849\" height=\"566\" src=\"https:\/\/emsmedien.de\/entwicklung\/fremming\/wordpress\/wp-content\/uploads\/2023\/06\/Fotolia_115771916_S.jpg\" class=\"attachment-large size-large wp-image-206\" alt=\"\" srcset=\"https:\/\/emsmedien.de\/entwicklung\/fremming\/wordpress\/wp-content\/uploads\/2023\/06\/Fotolia_115771916_S.jpg 849w, https:\/\/emsmedien.de\/entwicklung\/fremming\/wordpress\/wp-content\/uploads\/2023\/06\/Fotolia_115771916_S-600x400.jpg 600w, https:\/\/emsmedien.de\/entwicklung\/fremming\/wordpress\/wp-content\/uploads\/2023\/06\/Fotolia_115771916_S-300x200.jpg 300w, https:\/\/emsmedien.de\/entwicklung\/fremming\/wordpress\/wp-content\/uploads\/2023\/06\/Fotolia_115771916_S-768x512.jpg 768w, https:\/\/emsmedien.de\/entwicklung\/fremming\/wordpress\/wp-content\/uploads\/2023\/06\/Fotolia_115771916_S-370x247.jpg 370w, https:\/\/emsmedien.de\/entwicklung\/fremming\/wordpress\/wp-content\/uploads\/2023\/06\/Fotolia_115771916_S-840x560.jpg 840w, https:\/\/emsmedien.de\/entwicklung\/fremming\/wordpress\/wp-content\/uploads\/2023\/06\/Fotolia_115771916_S-410x273.jpg 410w\" sizes=\"auto, (max-width: 849px) 100vw, 849px\" \/>\t\t\t\t\t\t\t\t\t\t\t\t\t\t\t<\/div>\n\t\t\t\t<\/div>\n\t\t\t\t\t<\/div>\n\t\t<\/div>\n\t\t\t\t\t\t\t<\/div>\n\t\t<\/section>\n\t\t\t\t\t<\/div>\n\t\t<\/div>\n\t\t\t\t\t\t\t<\/div>\n\t\t<\/section>\n\t\t\t\t<section class=\"elementor-section elementor-top-section elementor-element elementor-element-3d4b1b0 elementor-section-boxed elementor-section-height-default elementor-section-height-default wpr-particle-no wpr-jarallax-no wpr-parallax-no wpr-sticky-section-no sc_fly_static\" data-id=\"3d4b1b0\" data-element_type=\"section\" data-settings=\"{&quot;_ha_eqh_enable&quot;:false}\">\n\t\t\t\t\t\t<div class=\"elementor-container elementor-column-gap-extended\">\n\t\t\t\t\t<div class=\"elementor-column elementor-col-100 elementor-top-column elementor-element elementor-element-9c6b5d5 sc_inner_width_none sc_content_align_inherit sc_layouts_column_icons_position_left sc_fly_static\" data-id=\"9c6b5d5\" data-element_type=\"column\">\n\t\t\t<div class=\"elementor-widget-wrap elementor-element-populated\">\n\t\t\t\t\t\t\t\t<div class=\"elementor-element elementor-element-7a8f305 sc_fly_static elementor-widget elementor-widget-spacer\" data-id=\"7a8f305\" data-element_type=\"widget\" data-widget_type=\"spacer.default\">\n\t\t\t\t<div class=\"elementor-widget-container\">\n\t\t\t\t\t<div class=\"elementor-spacer\">\n\t\t\t<div class=\"elementor-spacer-inner\"><\/div>\n\t\t<\/div>\n\t\t\t\t<\/div>\n\t\t\t\t<\/div>\n\t\t\t\t\t<\/div>\n\t\t<\/div>\n\t\t\t\t\t\t\t<\/div>\n\t\t<\/section>\n\t\t\t\t\t\t\t<\/div>\n\t\t","protected":false},"excerpt":{"rendered":"<p>Seebestattung Die Seebestattung kommt meist in Frage wenn eine besondere Verbindung zu See oder Meer erkennbar war. Es kann ein Ausdruck ihrer\/seiner individuellen Pers\u00f6nlichkeit sein. Bei der Seebestattung wird eine&hellip;<\/p>\n","protected":false},"author":1,"featured_media":0,"parent":0,"menu_order":0,"comment_status":"closed","ping_status":"closed","template":"","meta":{"footnotes":""},"class_list":["post-204","page","type-page","status-publish","hentry"],"_links":{"self":[{"href":"https:\/\/emsmedien.de\/entwicklung\/fremming\/wordpress\/wp-json\/wp\/v2\/pages\/204","targetHints":{"allow":["GET"]}}],"collection":[{"href":"https:\/\/emsmedien.de\/entwicklung\/fremming\/wordpress\/wp-json\/wp\/v2\/pages"}],"about":[{"href":"https:\/\/emsmedien.de\/entwicklung\/fremming\/wordpress\/wp-json\/wp\/v2\/types\/page"}],"author":[{"embeddable":true,"href":"https:\/\/emsmedien.de\/entwicklung\/fremming\/wordpress\/wp-json\/wp\/v2\/users\/1"}],"replies":[{"embeddable":true,"href":"https:\/\/emsmedien.de\/entwicklung\/fremming\/wordpress\/wp-json\/wp\/v2\/comments?post=204"}],"version-history":[{"count":4,"href":"https:\/\/emsmedien.de\/entwicklung\/fremming\/wordpress\/wp-json\/wp\/v2\/pages\/204\/revisions"}],"predecessor-version":[{"id":209,"href":"https:\/\/emsmedien.de\/entwicklung\/fremming\/wordpress\/wp-json\/wp\/v2\/pages\/204\/revisions\/209"}],"wp:attachment":[{"href":"https:\/\/emsmedien.de\/entwicklung\/fremming\/wordpress\/wp-json\/wp\/v2\/media?parent=204"}],"curies":[{"name":"wp","href":"https:\/\/api.w.org\/{rel}","templated":true}]}}