{"id":216,"date":"2023-06-28T12:02:58","date_gmt":"2023-06-28T10:02:58","guid":{"rendered":"https:\/\/emsmedien.de\/entwicklung\/fremming\/wordpress\/?page_id=216"},"modified":"2023-06-28T12:03:29","modified_gmt":"2023-06-28T10:03:29","slug":"diamantbestattung","status":"publish","type":"page","link":"https:\/\/emsmedien.de\/entwicklung\/fremming\/wordpress\/diamantbestattung\/","title":{"rendered":"Diamantbestattung"},"content":{"rendered":"\t\t<div data-elementor-type=\"wp-page\" data-elementor-id=\"216\" class=\"elementor elementor-216\">\n\t\t\t\t\t\t\t\t\t<section class=\"elementor-section elementor-top-section elementor-element elementor-element-7860a18 elementor-section-boxed elementor-section-height-default elementor-section-height-default wpr-particle-no wpr-jarallax-no wpr-parallax-no wpr-sticky-section-no sc_fly_static\" data-id=\"7860a18\" data-element_type=\"section\" data-settings=\"{&quot;_ha_eqh_enable&quot;:false}\">\n\t\t\t\t\t\t<div class=\"elementor-container elementor-column-gap-extended\">\n\t\t\t\t\t<div class=\"elementor-column elementor-col-100 elementor-top-column elementor-element elementor-element-7b08df4 sc_inner_width_none sc_content_align_inherit sc_layouts_column_icons_position_left sc_fly_static\" data-id=\"7b08df4\" data-element_type=\"column\">\n\t\t\t<div class=\"elementor-widget-wrap elementor-element-populated\">\n\t\t\t\t\t\t\t\t<div class=\"elementor-element elementor-element-4af5fbc sc_fly_static elementor-widget elementor-widget-heading\" data-id=\"4af5fbc\" data-element_type=\"widget\" data-widget_type=\"heading.default\">\n\t\t\t\t<div class=\"elementor-widget-container\">\n\t\t\t<style>\/*! elementor - v3.14.0 - 26-06-2023 *\/\n.elementor-heading-title{padding:0;margin:0;line-height:1}.elementor-widget-heading .elementor-heading-title[class*=elementor-size-]>a{color:inherit;font-size:inherit;line-height:inherit}.elementor-widget-heading .elementor-heading-title.elementor-size-small{font-size:15px}.elementor-widget-heading .elementor-heading-title.elementor-size-medium{font-size:19px}.elementor-widget-heading .elementor-heading-title.elementor-size-large{font-size:29px}.elementor-widget-heading .elementor-heading-title.elementor-size-xl{font-size:39px}.elementor-widget-heading .elementor-heading-title.elementor-size-xxl{font-size:59px}<\/style><h1 class=\"elementor-heading-title elementor-size-default\">Diamantbestattung<\/h1>\t\t<\/div>\n\t\t\t\t<\/div>\n\t\t\t\t<div class=\"elementor-element elementor-element-9ad702d sc_fly_static elementor-widget elementor-widget-spacer\" data-id=\"9ad702d\" data-element_type=\"widget\" data-widget_type=\"spacer.default\">\n\t\t\t\t<div class=\"elementor-widget-container\">\n\t\t\t<style>\/*! elementor - v3.14.0 - 26-06-2023 *\/\n.elementor-column .elementor-spacer-inner{height:var(--spacer-size)}.e-con{--container-widget-width:100%}.e-con-inner>.elementor-widget-spacer,.e-con>.elementor-widget-spacer{width:var(--container-widget-width,var(--spacer-size));--align-self:var(--container-widget-align-self,initial);--flex-shrink:0}.e-con-inner>.elementor-widget-spacer>.elementor-widget-container,.e-con-inner>.elementor-widget-spacer>.elementor-widget-container>.elementor-spacer,.e-con>.elementor-widget-spacer>.elementor-widget-container,.e-con>.elementor-widget-spacer>.elementor-widget-container>.elementor-spacer{height:100%}.e-con-inner>.elementor-widget-spacer>.elementor-widget-container>.elementor-spacer>.elementor-spacer-inner,.e-con>.elementor-widget-spacer>.elementor-widget-container>.elementor-spacer>.elementor-spacer-inner{height:var(--container-widget-height,var(--spacer-size))}<\/style>\t\t<div class=\"elementor-spacer\">\n\t\t\t<div class=\"elementor-spacer-inner\"><\/div>\n\t\t<\/div>\n\t\t\t\t<\/div>\n\t\t\t\t<\/div>\n\t\t\t\t<section class=\"elementor-section elementor-inner-section elementor-element elementor-element-95e8abd elementor-section-boxed elementor-section-height-default elementor-section-height-default wpr-particle-no wpr-jarallax-no wpr-parallax-no wpr-sticky-section-no sc_fly_static\" data-id=\"95e8abd\" data-element_type=\"section\" data-settings=\"{&quot;_ha_eqh_enable&quot;:false}\">\n\t\t\t\t\t\t<div class=\"elementor-container elementor-column-gap-extended\">\n\t\t\t\t\t<div class=\"elementor-column elementor-col-50 elementor-inner-column elementor-element elementor-element-5e920c7 sc_inner_width_none sc_content_align_inherit sc_layouts_column_icons_position_left sc_fly_static\" data-id=\"5e920c7\" data-element_type=\"column\">\n\t\t\t<div class=\"elementor-widget-wrap elementor-element-populated\">\n\t\t\t\t\t\t\t\t<div class=\"elementor-element elementor-element-3bbb29c sc_fly_static elementor-widget elementor-widget-text-editor\" data-id=\"3bbb29c\" data-element_type=\"widget\" data-widget_type=\"text-editor.default\">\n\t\t\t\t<div class=\"elementor-widget-container\">\n\t\t\t<style>\/*! elementor - v3.14.0 - 26-06-2023 *\/\n.elementor-widget-text-editor.elementor-drop-cap-view-stacked .elementor-drop-cap{background-color:#69727d;color:#fff}.elementor-widget-text-editor.elementor-drop-cap-view-framed .elementor-drop-cap{color:#69727d;border:3px solid;background-color:transparent}.elementor-widget-text-editor:not(.elementor-drop-cap-view-default) .elementor-drop-cap{margin-top:8px}.elementor-widget-text-editor:not(.elementor-drop-cap-view-default) .elementor-drop-cap-letter{width:1em;height:1em}.elementor-widget-text-editor .elementor-drop-cap{float:left;text-align:center;line-height:1;font-size:50px}.elementor-widget-text-editor .elementor-drop-cap-letter{display:inline-block}<\/style>\t\t\t\t<p>Die Ein\u00e4scherung zu einem Diamantstein ist ein Symbol der Unverg\u00e4nglichkeit, der Erinnerung und der Liebe. Die Bestattungsform das aus menschlicher Asche Diamanten hergestellt werden k\u00f6nnen ist relativ neu.<\/p><p>Je nach Gr\u00f6\u00dfe des zu pressenden Steines, wird das Karbon 4 \u2013 16 Wochen lang hohem Druck und konstant hoher Temperatur ausgesetzt. Die Farbe ist wei\u00df, kann aber \u2013 abh\u00e4ngig von der Menge des im Kohlenstoff verbliebenen Elementes Bor \u2013 auch eine bl\u00e4uliche F\u00e4rbung annehmen.<\/p><p>Ein Bruchteil der Asche wird nur zur Herstellung eines Diamanten ben\u00f6tigt. Es kann aber auch die ganze Asche verwendet werden oder es werden mehrere Diamanten hergestellt.\u00a0Es gibt verschiedene M\u00f6glichkeiten mit der nicht verwendeten Asche, diese kann in einer Urne auf einem Friedhof beigesetzt werden,\u00a0 die Urne wird im Friedwald beigesetzt oder die Asche wird verstreut entweder im See\/Meer oder in einer Ballonfahrt.<\/p><p>Wann die Trauerfeier stattfinden soll kann individuell entschieden werden. Es ist m\u00f6glich diese vor oder nach der Ein\u00e4scherung zu halten oder auch w\u00e4hrend der Beisetzung\/Verstreuung.<\/p>\t\t\t\t\t\t<\/div>\n\t\t\t\t<\/div>\n\t\t\t\t\t<\/div>\n\t\t<\/div>\n\t\t\t\t<div class=\"elementor-column elementor-col-50 elementor-inner-column elementor-element elementor-element-34e238d sc_inner_width_none sc_content_align_inherit sc_layouts_column_icons_position_left sc_fly_static\" data-id=\"34e238d\" data-element_type=\"column\">\n\t\t\t<div class=\"elementor-widget-wrap elementor-element-populated\">\n\t\t\t\t\t\t\t\t<div class=\"elementor-element elementor-element-7681302 sc_fly_static elementor-widget elementor-widget-image\" data-id=\"7681302\" data-element_type=\"widget\" data-widget_type=\"image.default\">\n\t\t\t\t<div class=\"elementor-widget-container\">\n\t\t\t<style>\/*! elementor - v3.14.0 - 26-06-2023 *\/\n.elementor-widget-image{text-align:center}.elementor-widget-image a{display:inline-block}.elementor-widget-image a img[src$=\".svg\"]{width:48px}.elementor-widget-image img{vertical-align:middle;display:inline-block}<\/style>\t\t\t\t\t\t\t\t\t\t\t\t<img loading=\"lazy\" decoding=\"async\" width=\"833\" height=\"576\" src=\"https:\/\/emsmedien.de\/entwicklung\/fremming\/wordpress\/wp-content\/uploads\/2023\/06\/Fotolia_109775448_S.jpg\" class=\"attachment-large size-large wp-image-218\" alt=\"\" srcset=\"https:\/\/emsmedien.de\/entwicklung\/fremming\/wordpress\/wp-content\/uploads\/2023\/06\/Fotolia_109775448_S.jpg 833w, https:\/\/emsmedien.de\/entwicklung\/fremming\/wordpress\/wp-content\/uploads\/2023\/06\/Fotolia_109775448_S-600x415.jpg 600w, https:\/\/emsmedien.de\/entwicklung\/fremming\/wordpress\/wp-content\/uploads\/2023\/06\/Fotolia_109775448_S-300x207.jpg 300w, https:\/\/emsmedien.de\/entwicklung\/fremming\/wordpress\/wp-content\/uploads\/2023\/06\/Fotolia_109775448_S-768x531.jpg 768w, https:\/\/emsmedien.de\/entwicklung\/fremming\/wordpress\/wp-content\/uploads\/2023\/06\/Fotolia_109775448_S-370x256.jpg 370w, https:\/\/emsmedien.de\/entwicklung\/fremming\/wordpress\/wp-content\/uploads\/2023\/06\/Fotolia_109775448_S-410x284.jpg 410w\" sizes=\"auto, (max-width: 833px) 100vw, 833px\" \/>\t\t\t\t\t\t\t\t\t\t\t\t\t\t\t<\/div>\n\t\t\t\t<\/div>\n\t\t\t\t\t<\/div>\n\t\t<\/div>\n\t\t\t\t\t\t\t<\/div>\n\t\t<\/section>\n\t\t\t\t\t<\/div>\n\t\t<\/div>\n\t\t\t\t\t\t\t<\/div>\n\t\t<\/section>\n\t\t\t\t<section class=\"elementor-section elementor-top-section elementor-element elementor-element-3d4b1b0 elementor-section-boxed elementor-section-height-default elementor-section-height-default wpr-particle-no wpr-jarallax-no wpr-parallax-no wpr-sticky-section-no sc_fly_static\" data-id=\"3d4b1b0\" data-element_type=\"section\" data-settings=\"{&quot;_ha_eqh_enable&quot;:false}\">\n\t\t\t\t\t\t<div class=\"elementor-container elementor-column-gap-extended\">\n\t\t\t\t\t<div class=\"elementor-column elementor-col-100 elementor-top-column elementor-element elementor-element-9c6b5d5 sc_inner_width_none sc_content_align_inherit sc_layouts_column_icons_position_left sc_fly_static\" data-id=\"9c6b5d5\" data-element_type=\"column\">\n\t\t\t<div class=\"elementor-widget-wrap elementor-element-populated\">\n\t\t\t\t\t\t\t\t<div class=\"elementor-element elementor-element-7a8f305 sc_fly_static elementor-widget elementor-widget-spacer\" data-id=\"7a8f305\" data-element_type=\"widget\" data-widget_type=\"spacer.default\">\n\t\t\t\t<div class=\"elementor-widget-container\">\n\t\t\t\t\t<div class=\"elementor-spacer\">\n\t\t\t<div class=\"elementor-spacer-inner\"><\/div>\n\t\t<\/div>\n\t\t\t\t<\/div>\n\t\t\t\t<\/div>\n\t\t\t\t\t<\/div>\n\t\t<\/div>\n\t\t\t\t\t\t\t<\/div>\n\t\t<\/section>\n\t\t\t\t\t\t\t<\/div>\n\t\t","protected":false},"excerpt":{"rendered":"<p>Diamantbestattung Die Ein\u00e4scherung zu einem Diamantstein ist ein Symbol der Unverg\u00e4nglichkeit, der Erinnerung und der Liebe. Die Bestattungsform das aus menschlicher Asche Diamanten hergestellt werden k\u00f6nnen ist relativ neu. Je&hellip;<\/p>\n","protected":false},"author":1,"featured_media":0,"parent":0,"menu_order":0,"comment_status":"closed","ping_status":"closed","template":"","meta":{"footnotes":""},"class_list":["post-216","page","type-page","status-publish","hentry"],"_links":{"self":[{"href":"https:\/\/emsmedien.de\/entwicklung\/fremming\/wordpress\/wp-json\/wp\/v2\/pages\/216","targetHints":{"allow":["GET"]}}],"collection":[{"href":"https:\/\/emsmedien.de\/entwicklung\/fremming\/wordpress\/wp-json\/wp\/v2\/pages"}],"about":[{"href":"https:\/\/emsmedien.de\/entwicklung\/fremming\/wordpress\/wp-json\/wp\/v2\/types\/page"}],"author":[{"embeddable":true,"href":"https:\/\/emsmedien.de\/entwicklung\/fremming\/wordpress\/wp-json\/wp\/v2\/users\/1"}],"replies":[{"embeddable":true,"href":"https:\/\/emsmedien.de\/entwicklung\/fremming\/wordpress\/wp-json\/wp\/v2\/comments?post=216"}],"version-history":[{"count":4,"href":"https:\/\/emsmedien.de\/entwicklung\/fremming\/wordpress\/wp-json\/wp\/v2\/pages\/216\/revisions"}],"predecessor-version":[{"id":221,"href":"https:\/\/emsmedien.de\/entwicklung\/fremming\/wordpress\/wp-json\/wp\/v2\/pages\/216\/revisions\/221"}],"wp:attachment":[{"href":"https:\/\/emsmedien.de\/entwicklung\/fremming\/wordpress\/wp-json\/wp\/v2\/media?parent=216"}],"curies":[{"name":"wp","href":"https:\/\/api.w.org\/{rel}","templated":true}]}}