{"id":225,"date":"2023-06-28T12:04:29","date_gmt":"2023-06-28T10:04:29","guid":{"rendered":"https:\/\/emsmedien.de\/entwicklung\/fremming\/wordpress\/?page_id=225"},"modified":"2023-06-28T12:05:14","modified_gmt":"2023-06-28T10:05:14","slug":"ballonbestattung","status":"publish","type":"page","link":"https:\/\/emsmedien.de\/entwicklung\/fremming\/wordpress\/ballonbestattung\/","title":{"rendered":"Ballonbestattung"},"content":{"rendered":"\t\t<div data-elementor-type=\"wp-page\" data-elementor-id=\"225\" class=\"elementor elementor-225\">\n\t\t\t\t\t\t\t\t\t<section class=\"elementor-section elementor-top-section elementor-element elementor-element-7860a18 elementor-section-boxed elementor-section-height-default elementor-section-height-default wpr-particle-no wpr-jarallax-no wpr-parallax-no wpr-sticky-section-no sc_fly_static\" data-id=\"7860a18\" data-element_type=\"section\" data-settings=\"{&quot;_ha_eqh_enable&quot;:false}\">\n\t\t\t\t\t\t<div class=\"elementor-container elementor-column-gap-extended\">\n\t\t\t\t\t<div class=\"elementor-column elementor-col-100 elementor-top-column elementor-element elementor-element-7b08df4 sc_inner_width_none sc_content_align_inherit sc_layouts_column_icons_position_left sc_fly_static\" data-id=\"7b08df4\" data-element_type=\"column\">\n\t\t\t<div class=\"elementor-widget-wrap elementor-element-populated\">\n\t\t\t\t\t\t\t\t<div class=\"elementor-element elementor-element-4af5fbc sc_fly_static elementor-widget elementor-widget-heading\" data-id=\"4af5fbc\" data-element_type=\"widget\" data-widget_type=\"heading.default\">\n\t\t\t\t<div class=\"elementor-widget-container\">\n\t\t\t<style>\/*! elementor - v3.14.0 - 26-06-2023 *\/\n.elementor-heading-title{padding:0;margin:0;line-height:1}.elementor-widget-heading .elementor-heading-title[class*=elementor-size-]>a{color:inherit;font-size:inherit;line-height:inherit}.elementor-widget-heading .elementor-heading-title.elementor-size-small{font-size:15px}.elementor-widget-heading .elementor-heading-title.elementor-size-medium{font-size:19px}.elementor-widget-heading .elementor-heading-title.elementor-size-large{font-size:29px}.elementor-widget-heading .elementor-heading-title.elementor-size-xl{font-size:39px}.elementor-widget-heading .elementor-heading-title.elementor-size-xxl{font-size:59px}<\/style><h1 class=\"elementor-heading-title elementor-size-default\">Ballonbestattung<\/h1>\t\t<\/div>\n\t\t\t\t<\/div>\n\t\t\t\t<div class=\"elementor-element elementor-element-9ad702d sc_fly_static elementor-widget elementor-widget-spacer\" data-id=\"9ad702d\" data-element_type=\"widget\" data-widget_type=\"spacer.default\">\n\t\t\t\t<div class=\"elementor-widget-container\">\n\t\t\t<style>\/*! elementor - v3.14.0 - 26-06-2023 *\/\n.elementor-column .elementor-spacer-inner{height:var(--spacer-size)}.e-con{--container-widget-width:100%}.e-con-inner>.elementor-widget-spacer,.e-con>.elementor-widget-spacer{width:var(--container-widget-width,var(--spacer-size));--align-self:var(--container-widget-align-self,initial);--flex-shrink:0}.e-con-inner>.elementor-widget-spacer>.elementor-widget-container,.e-con-inner>.elementor-widget-spacer>.elementor-widget-container>.elementor-spacer,.e-con>.elementor-widget-spacer>.elementor-widget-container,.e-con>.elementor-widget-spacer>.elementor-widget-container>.elementor-spacer{height:100%}.e-con-inner>.elementor-widget-spacer>.elementor-widget-container>.elementor-spacer>.elementor-spacer-inner,.e-con>.elementor-widget-spacer>.elementor-widget-container>.elementor-spacer>.elementor-spacer-inner{height:var(--container-widget-height,var(--spacer-size))}<\/style>\t\t<div class=\"elementor-spacer\">\n\t\t\t<div class=\"elementor-spacer-inner\"><\/div>\n\t\t<\/div>\n\t\t\t\t<\/div>\n\t\t\t\t<\/div>\n\t\t\t\t<section class=\"elementor-section elementor-inner-section elementor-element elementor-element-d501168 elementor-section-boxed elementor-section-height-default elementor-section-height-default wpr-particle-no wpr-jarallax-no wpr-parallax-no wpr-sticky-section-no sc_fly_static\" data-id=\"d501168\" data-element_type=\"section\" data-settings=\"{&quot;_ha_eqh_enable&quot;:false}\">\n\t\t\t\t\t\t<div class=\"elementor-container elementor-column-gap-extended\">\n\t\t\t\t\t<div class=\"elementor-column elementor-col-50 elementor-inner-column elementor-element elementor-element-b54b46f sc_inner_width_none sc_content_align_inherit sc_layouts_column_icons_position_left sc_fly_static\" data-id=\"b54b46f\" data-element_type=\"column\">\n\t\t\t<div class=\"elementor-widget-wrap elementor-element-populated\">\n\t\t\t\t\t\t\t\t<div class=\"elementor-element elementor-element-3bbb29c sc_fly_static elementor-widget elementor-widget-text-editor\" data-id=\"3bbb29c\" data-element_type=\"widget\" data-widget_type=\"text-editor.default\">\n\t\t\t\t<div class=\"elementor-widget-container\">\n\t\t\t<style>\/*! elementor - v3.14.0 - 26-06-2023 *\/\n.elementor-widget-text-editor.elementor-drop-cap-view-stacked .elementor-drop-cap{background-color:#69727d;color:#fff}.elementor-widget-text-editor.elementor-drop-cap-view-framed .elementor-drop-cap{color:#69727d;border:3px solid;background-color:transparent}.elementor-widget-text-editor:not(.elementor-drop-cap-view-default) .elementor-drop-cap{margin-top:8px}.elementor-widget-text-editor:not(.elementor-drop-cap-view-default) .elementor-drop-cap-letter{width:1em;height:1em}.elementor-widget-text-editor .elementor-drop-cap{float:left;text-align:center;line-height:1;font-size:50px}.elementor-widget-text-editor .elementor-drop-cap-letter{display:inline-block}<\/style>\t\t\t\t<p><strong>1.\u00a0<\/strong>Die Ballonbestattung also das verstreuen der Asche weit \u00fcber der Erdoberfl\u00e4che hat die Bedeutung der Freiheit. Die Ein\u00e4scherung im Krematorium wird vorausgesetzt.<\/p><p>Die Angeh\u00f6rigen k\u00f6nnen ihren Verstorbenen in dieser letzten Reise begleiten. Meistens haben 3-4 Personen in einen Ballon Platz.\u00a0Nach einer kurzen Zeremonie wird die Asche in ruhiger Fahrt \u00fcber ein geeignetes Gebiet ausgestreut. Die Fahrt kann nur \u00fcber Frankreich (Elsass), Holland und Schweiz durchgef\u00fchrt werden, da diese Bestattungsform in Deutschland nicht erlaubt ist.<\/p><p>Die Angeh\u00f6rigen bekommen eine Urkunde mit den genauen Koordinaten des Ortes der Bestattung \u00fcberreicht.<\/p><p><strong>2.\u00a0<\/strong>Ein Teil der Asche wird in einem Heliumballon gef\u00fcllt, die die Angeh\u00f6rigen steigen lassen k\u00f6nnen. Der Ballon steigt auf und kann ca. 10-15 Minuten verfolgt werden. Bei ca. 20 Kilometer von der Erde entfernt \u00f6ffnet sich der Ballon und die Asche wird in allen Himmelsrichtungen verstreut.<\/p><p>Meist wird diese Bestattungsart in den Niederlanden am Strand von Scheveningen durchgef\u00fchrt, da sie in Deutschland nicht erlaubt ist.<\/p>\t\t\t\t\t\t<\/div>\n\t\t\t\t<\/div>\n\t\t\t\t\t<\/div>\n\t\t<\/div>\n\t\t\t\t<div class=\"elementor-column elementor-col-50 elementor-inner-column elementor-element elementor-element-bbcf1e5 sc_inner_width_none sc_content_align_inherit sc_layouts_column_icons_position_left sc_fly_static\" data-id=\"bbcf1e5\" data-element_type=\"column\">\n\t\t\t<div class=\"elementor-widget-wrap elementor-element-populated\">\n\t\t\t\t\t\t\t\t<div class=\"elementor-element elementor-element-617f833 sc_fly_static elementor-widget elementor-widget-image\" data-id=\"617f833\" data-element_type=\"widget\" data-widget_type=\"image.default\">\n\t\t\t\t<div class=\"elementor-widget-container\">\n\t\t\t<style>\/*! elementor - v3.14.0 - 26-06-2023 *\/\n.elementor-widget-image{text-align:center}.elementor-widget-image a{display:inline-block}.elementor-widget-image a img[src$=\".svg\"]{width:48px}.elementor-widget-image img{vertical-align:middle;display:inline-block}<\/style>\t\t\t\t\t\t\t\t\t\t\t\t<img decoding=\"async\" src=\"https:\/\/emsmedien.de\/entwicklung\/fremming\/wordpress\/wp-content\/uploads\/elementor\/thumbs\/Fotolia_56955564_S-q8mfxa5d3ppyoe8wocwnnk1uaqxalqwqoee8zbrm68.jpg\" title=\"Ballon_Luftfahrt\" alt=\"Ballon_Luftfahrt\" loading=\"lazy\" \/>\t\t\t\t\t\t\t\t\t\t\t\t\t\t\t<\/div>\n\t\t\t\t<\/div>\n\t\t\t\t\t<\/div>\n\t\t<\/div>\n\t\t\t\t\t\t\t<\/div>\n\t\t<\/section>\n\t\t\t\t\t<\/div>\n\t\t<\/div>\n\t\t\t\t\t\t\t<\/div>\n\t\t<\/section>\n\t\t\t\t\t\t\t<\/div>\n\t\t","protected":false},"excerpt":{"rendered":"<p>Ballonbestattung 1.\u00a0Die Ballonbestattung also das verstreuen der Asche weit \u00fcber der Erdoberfl\u00e4che hat die Bedeutung der Freiheit. Die Ein\u00e4scherung im Krematorium wird vorausgesetzt. Die Angeh\u00f6rigen k\u00f6nnen ihren Verstorbenen in dieser&hellip;<\/p>\n","protected":false},"author":1,"featured_media":0,"parent":0,"menu_order":0,"comment_status":"closed","ping_status":"closed","template":"","meta":{"footnotes":""},"class_list":["post-225","page","type-page","status-publish","hentry"],"_links":{"self":[{"href":"https:\/\/emsmedien.de\/entwicklung\/fremming\/wordpress\/wp-json\/wp\/v2\/pages\/225","targetHints":{"allow":["GET"]}}],"collection":[{"href":"https:\/\/emsmedien.de\/entwicklung\/fremming\/wordpress\/wp-json\/wp\/v2\/pages"}],"about":[{"href":"https:\/\/emsmedien.de\/entwicklung\/fremming\/wordpress\/wp-json\/wp\/v2\/types\/page"}],"author":[{"embeddable":true,"href":"https:\/\/emsmedien.de\/entwicklung\/fremming\/wordpress\/wp-json\/wp\/v2\/users\/1"}],"replies":[{"embeddable":true,"href":"https:\/\/emsmedien.de\/entwicklung\/fremming\/wordpress\/wp-json\/wp\/v2\/comments?post=225"}],"version-history":[{"count":4,"href":"https:\/\/emsmedien.de\/entwicklung\/fremming\/wordpress\/wp-json\/wp\/v2\/pages\/225\/revisions"}],"predecessor-version":[{"id":230,"href":"https:\/\/emsmedien.de\/entwicklung\/fremming\/wordpress\/wp-json\/wp\/v2\/pages\/225\/revisions\/230"}],"wp:attachment":[{"href":"https:\/\/emsmedien.de\/entwicklung\/fremming\/wordpress\/wp-json\/wp\/v2\/media?parent=225"}],"curies":[{"name":"wp","href":"https:\/\/api.w.org\/{rel}","templated":true}]}}